{"id":3263,"date":"2023-07-10T13:27:26","date_gmt":"2023-07-10T13:27:26","guid":{"rendered":"https:\/\/web.webrt.net\/anphu\/?page_id=3263"},"modified":"2023-07-10T13:27:26","modified_gmt":"2023-07-10T13:27:26","slug":"chinh-sach-nhan-su","status":"publish","type":"page","link":"https:\/\/anphuwindows.vinastar.info\/?page_id=3263","title":{"rendered":"Ch\u00ednh s\u00e1ch nh\u00e2n s\u1ef1"},"content":{"rendered":"","protected":false},"excerpt":{"rendered":"","protected":false},"author":1,"featured_media":0,"parent":0,"menu_order":0,"comment_status":"closed","ping_status":"closed","template":"page-blank.php","meta":[],"yoast_head":"<!-- This site is optimized with the Yoast SEO plugin v20.10 - https:\/\/yoast.com\/wordpress\/plugins\/seo\/ -->\n<title>An Ph\u00fa<\/title>\n<meta name=\"robots\" content=\"index, follow, max-snippet:-1, max-image-preview:large, max-video-preview:-1\" \/>\n<link rel=\"canonical\" href=\"https:\/\/anphuwindows.vinastar.info\/?page_id=3263\" \/>\n<meta property=\"og:locale\" content=\"vi_VN\" \/>\n<meta property=\"og:type\" content=\"article\" \/>\n<meta property=\"og:title\" content=\"An Ph\u00fa\" \/>\n<meta property=\"og:url\" content=\"https:\/\/anphuwindows.vinastar.info\/?page_id=3263\" \/>\n<meta property=\"og:site_name\" content=\"An Ph\u00fa\" \/>\n<meta name=\"twitter:card\" content=\"summary_large_image\" \/>\n<script type=\"application\/ld+json\" class=\"yoast-schema-graph\">{\"@context\":\"https:\/\/schema.org\",\"@graph\":[{\"@type\":\"WebPage\",\"@id\":\"https:\/\/anphuwindows.vinastar.info\/?page_id=3263\",\"url\":\"https:\/\/anphuwindows.vinastar.info\/?page_id=3263\",\"name\":\"An Ph\u00fa\",\"isPartOf\":{\"@id\":\"https:\/\/anphuwindows.vinastar.info\/#website\"},\"datePublished\":\"2023-07-10T13:27:26+00:00\",\"dateModified\":\"2023-07-10T13:27:26+00:00\",\"breadcrumb\":{\"@id\":\"https:\/\/anphuwindows.vinastar.info\/?page_id=3263#breadcrumb\"},\"inLanguage\":\"vi\",\"potentialAction\":[{\"@type\":\"ReadAction\",\"target\":[\"https:\/\/anphuwindows.vinastar.info\/?page_id=3263\"]}]},{\"@type\":\"BreadcrumbList\",\"@id\":\"https:\/\/anphuwindows.vinastar.info\/?page_id=3263#breadcrumb\",\"itemListElement\":[{\"@type\":\"ListItem\",\"position\":1,\"name\":\"Trang ch\u1ee7\",\"item\":\"https:\/\/anphuwindows.vinastar.info\/\"},{\"@type\":\"ListItem\",\"position\":2,\"name\":\"Ch\u00ednh s\u00e1ch nh\u00e2n s\u1ef1\"}]},{\"@type\":\"WebSite\",\"@id\":\"https:\/\/anphuwindows.vinastar.info\/#website\",\"url\":\"https:\/\/anphuwindows.vinastar.info\/\",\"name\":\"An Ph\u00fa\",\"description\":\"\",\"potentialAction\":[{\"@type\":\"SearchAction\",\"target\":{\"@type\":\"EntryPoint\",\"urlTemplate\":\"https:\/\/anphuwindows.vinastar.info\/?s={search_term_string}\"},\"query-input\":\"required name=search_term_string\"}],\"inLanguage\":\"vi\"}]}<\/script>\n<!-- \/ Yoast SEO plugin. -->","yoast_head_json":{"title":"An Ph\u00fa","robots":{"index":"index","follow":"follow","max-snippet":"max-snippet:-1","max-image-preview":"max-image-preview:large","max-video-preview":"max-video-preview:-1"},"canonical":"https:\/\/anphuwindows.vinastar.info\/?page_id=3263","og_locale":"vi_VN","og_type":"article","og_title":"An Ph\u00fa","og_url":"https:\/\/anphuwindows.vinastar.info\/?page_id=3263","og_site_name":"An Ph\u00fa","twitter_card":"summary_large_image","schema":{"@context":"https:\/\/schema.org","@graph":[{"@type":"WebPage","@id":"https:\/\/anphuwindows.vinastar.info\/?page_id=3263","url":"https:\/\/anphuwindows.vinastar.info\/?page_id=3263","name":"An Ph\u00fa","isPartOf":{"@id":"https:\/\/anphuwindows.vinastar.info\/#website"},"datePublished":"2023-07-10T13:27:26+00:00","dateModified":"2023-07-10T13:27:26+00:00","breadcrumb":{"@id":"https:\/\/anphuwindows.vinastar.info\/?page_id=3263#breadcrumb"},"inLanguage":"vi","potentialAction":[{"@type":"ReadAction","target":["https:\/\/anphuwindows.vinastar.info\/?page_id=3263"]}]},{"@type":"BreadcrumbList","@id":"https:\/\/anphuwindows.vinastar.info\/?page_id=3263#breadcrumb","itemListElement":[{"@type":"ListItem","position":1,"name":"Trang ch\u1ee7","item":"https:\/\/anphuwindows.vinastar.info\/"},{"@type":"ListItem","position":2,"name":"Ch\u00ednh s\u00e1ch nh\u00e2n s\u1ef1"}]},{"@type":"WebSite","@id":"https:\/\/anphuwindows.vinastar.info\/#website","url":"https:\/\/anphuwindows.vinastar.info\/","name":"An Ph\u00fa","description":"","potentialAction":[{"@type":"SearchAction","target":{"@type":"EntryPoint","urlTemplate":"https:\/\/anphuwindows.vinastar.info\/?s={search_term_string}"},"query-input":"required name=search_term_string"}],"inLanguage":"vi"}]}},"_links":{"self":[{"href":"https:\/\/anphuwindows.vinastar.info\/index.php?rest_route=\/wp\/v2\/pages\/3263"}],"collection":[{"href":"https:\/\/anphuwindows.vinastar.info\/index.php?rest_route=\/wp\/v2\/pages"}],"about":[{"href":"https:\/\/anphuwindows.vinastar.info\/index.php?rest_route=\/wp\/v2\/types\/page"}],"author":[{"embeddable":true,"href":"https:\/\/anphuwindows.vinastar.info\/index.php?rest_route=\/wp\/v2\/users\/1"}],"replies":[{"embeddable":true,"href":"https:\/\/anphuwindows.vinastar.info\/index.php?rest_route=%2Fwp%2Fv2%2Fcomments&post=3263"}],"version-history":[{"count":1,"href":"https:\/\/anphuwindows.vinastar.info\/index.php?rest_route=\/wp\/v2\/pages\/3263\/revisions"}],"predecessor-version":[{"id":3264,"href":"https:\/\/anphuwindows.vinastar.info\/index.php?rest_route=\/wp\/v2\/pages\/3263\/revisions\/3264"}],"wp:attachment":[{"href":"https:\/\/anphuwindows.vinastar.info\/index.php?rest_route=%2Fwp%2Fv2%2Fmedia&parent=3263"}],"curies":[{"name":"wp","href":"https:\/\/api.w.org\/{rel}","templated":true}]}}