{"id":3247,"date":"2023-07-10T13:24:49","date_gmt":"2023-07-10T13:24:49","guid":{"rendered":"https:\/\/web.webrt.net\/anphu\/?page_id=3247"},"modified":"2023-09-12T07:01:37","modified_gmt":"2023-09-12T07:01:37","slug":"gioi-thieu","status":"publish","type":"page","link":"https:\/\/anphuwindows.vinastar.info\/?page_id=3247","title":{"rendered":"Gi\u1edbi thi\u1ec7u"},"content":{"rendered":"<p>L\u1eddi \u0111\u1ea7u ti\u00ean,\u00a0<strong>An Ph\u00fa Window<\/strong>\u00a0xin g\u1eedi \u0111\u1ebfn Qu\u00fd kh\u00e1ch h\u00e0ng l\u1eddi ch\u00fac s\u1ee9c kho\u1ebb, h\u1ea1nh ph\u00fac v\u00e0 th\u00e0nh \u0111\u1ea1t!<\/p>\n<p>V\u1edbi m\u1ee5c ti\u00eau x\u00e2y d\u1ef1ng v\u00e0 ph\u00e1t tri\u1ec3n th\u01b0\u01a1ng hi\u1ec7u uy t\u00edn, ch\u1ea5t l\u01b0\u1ee3ng, An Ph\u00fa Window lu\u00f4n \u0111\u1eb7t l\u1ee3i \u00edch c\u1ee7a Qu\u00fd \u0111\u1ed1i t\u00e1c l\u00ean h\u00e0ng \u0111\u1ea7u v\u00e0 s\u1ef1 y\u00eau m\u1ebfn, h\u1ed7 tr\u1ee3 c\u1ee7a qu\u00fd \u0111\u1ed1i t\u00e1c ch\u00ednh l\u00e0 th\u00e0nh t\u1ef1u l\u1edbn nh\u1ea5t m\u00e0 ch\u00fang t\u00f4i \u0111\u1ea1t \u0111\u01b0\u1ee3c.<\/p>\n<p>S\u1edf h\u1eefu \u0111\u1ed9i ng\u0169 d\u00e0y d\u1eb7n kinh nghi\u1ec7m, t\u00e2m huy\u1ebft, n\u0103ng \u0111\u1ed9ng v\u00e0 s\u00e1ng t\u1ea1o c\u00f9ng trang thi\u1ebft b\u1ecb hi\u1ec7n \u0111\u1ea1i, An Ph\u00fa Window \u0111\u00e3 v\u01b0\u01a1n m\u00ecnh tr\u1edf th\u00e0nh m\u1ed9t doanh nghi\u1ec7p l\u1edbn m\u1ea1nh trong l\u0129nh v\u1ef1c ki\u1ebfn tr\u00fac, x\u00e2y d\u1ef1ng, n\u1ed9i th\u1ea5t. \u0110\u1eb7c bi\u1ec7t l\u00e0 l\u0129nh v\u1ef1c s\u1ea3n xu\u1ea5t v\u00e0 l\u1eafp \u0111\u1eb7t: <strong>K\u00ednh c\u01b0\u1eddng l\u1ef1c, ph\u00f2ng t\u1eafm k\u00ednh, c\u1eeda nh\u00f4m Xingfa, nh\u00f4m h\u1ec7 Ch\u00e2u \u00c2u, c\u1eeda cu\u1ed1n, c\u1eeda t\u1ef1 \u0111\u1ed9ng, lan can c\u1ea7u thang, m\u1eb7t k\u00ednh d\u1ef1ng.<\/strong><\/p>\n<figure id=\"attachment_3808\" aria-describedby=\"caption-attachment-3808\" style=\"width: 800px\" class=\"wp-caption aligncenter\"><img decoding=\"async\" loading=\"lazy\" class=\"wp-image-3808 size-medium\" src=\"http:\/\/anphuwindow.com\/wp-content\/uploads\/2023\/08\/ai-generated-modern-styled-entryway-800x320.jpg\" alt=\"\" width=\"800\" height=\"320\" srcset=\"https:\/\/anphuwindows.vinastar.info\/wp-content\/uploads\/2023\/08\/ai-generated-modern-styled-entryway-800x320.jpg 800w, https:\/\/anphuwindows.vinastar.info\/wp-content\/uploads\/2023\/08\/ai-generated-modern-styled-entryway-1400x560.jpg 1400w, https:\/\/anphuwindows.vinastar.info\/wp-content\/uploads\/2023\/08\/ai-generated-modern-styled-entryway-768x307.jpg 768w, https:\/\/anphuwindows.vinastar.info\/wp-content\/uploads\/2023\/08\/ai-generated-modern-styled-entryway.jpg 1500w\" sizes=\"(max-width: 800px) 100vw, 800px\" \/><figcaption id=\"caption-attachment-3808\" class=\"wp-caption-text\">D\u1ef1 \u00e1n thi c\u00f4ng c\u1eeda, v\u00e1ch nh\u00f4m k\u00ednh hi\u1ec7n \u0111\u1ea1i cho bi\u1ec7t th\u1ef1 cao c\u1ea5p<\/figcaption><\/figure>\n<p>Tr\u1ea3i qua nhi\u1ec1u n\u0103m ho\u1ea1t \u0111\u1ed9ng, An Ph\u00fa Window \u0111\u00e3 ho\u00e0n thi\u1ec7n nh\u1eefng c\u00f4ng tr\u00ecnh l\u1edbn nh\u1ecf, mang \u0111\u1ebfn nh\u1eefng s\u1ea3n ph\u1ea9m tinh t\u1ebf, b\u1ec1n v\u1eefng v\u1edbi th\u1eddi gian. \u0110\u00e1p \u1ee9ng nhu c\u1ea7u ng\u00e0y c\u00e0ng kh\u1eaft khe c\u1ee7a th\u1ecb tr\u01b0\u1eddng, \u0111\u01b0\u1ee3c qu\u00fd kh\u00e1ch h\u00e0ng, doanh nghi\u1ec7p trong v\u00e0 ngo\u00e0i n\u01b0\u1edbc \u0111\u00e1nh gi\u00e1 cao.<\/p>\n<p><strong>T\u1ea6M NH\u00ccN:<\/strong> An Ph\u00fa lu\u00f4n \u0111\u1ecbnh h\u01b0\u1edbng, \u0111\u1ed5i m\u1edbi, s\u00e1ng t\u1ea1o, ph\u00e1t tri\u1ec3n tr\u1edf th\u00e0nh doanh nghi\u1ec7p \u0111\u1ee9ng \u0111\u1ea7u trong l\u0129nh v\u1ef1c x\u00e2y d\u1ef1ng, \u0111\u1eb7c bi\u1ec7t l\u0129nh v\u1ef1c nh\u00f4m k\u00ednh. G\u00f3p ph\u1ea7n n\u00e2ng cao ch\u1ea5t l\u01b0\u1ee3ng cu\u1ed9c s\u1ed1ng, n\u00e2ng t\u1ea7m v\u1ecb th\u1ebf \u0111\u1ec3 ph\u1ee5c v\u1ee5 cho x\u00e3 h\u1ed9i &amp; c\u1ed9ng \u0111\u1ed3ng.<\/p>\n<p><strong>S\u1ee8 M\u1ec6NH:<\/strong> \u0110\u1ec3\u00a0<strong><em>\u201cX\u00e2y d\u1ef1ng cu\u1ed9c s\u1ed1ng t\u1ed1t \u0111\u1eb9p h\u01a1n\u201d<\/em><\/strong>, ch\u00fang t\u00f4i lu\u00f4n c\u1eadp nh\u1eadt nh\u1eefng m\u1eabu thi\u1ebft k\u1ebf m\u1edbi, \u0111\u1ea7u t\u01b0 c\u1ea3i ti\u1ebfn m\u00e1y m\u00f3c, trang thi\u1ebft b\u1ecb hi\u1ec7n \u0111\u1ea1i v\u00e0 ti\u00ean ti\u1ebfn nh\u1ea5t, k\u1ebft h\u1ee3p v\u1edbi \u0111\u00e0o t\u1ea1o n\u00e2ng cao tay ngh\u1ec1 \u0111\u1ed9i ng\u0169 c\u00e1n b\u1ed9 k\u1ef9 thu\u1eadt, th\u1ee3 s\u1ea3n xu\u1ea5t. Lu\u00f4n \u0111\u1ed3ng h\u00e0nh, th\u1ea5u hi\u1ec3u t\u00e2m t\u01b0, nguy\u1ec7n v\u1ecdng c\u1ee7a kh\u00e1ch h\u00e0ng, s\u1eb5n s\u00e0ng ph\u1ee5c v\u1ee5 qu\u00fd kh\u00e1c theo s\u1ee9 m\u1ec7nh <strong><em>\u201cAn gia ch\u1ee7 &#8211; V\u1ea1n s\u1ef1 h\u01b0ng\u201d.<\/em><\/strong><\/p>\n<p><strong>GI\u00c1 TR\u1eca C\u1ed0T L\u00d5I:<\/strong> Ch\u1ea5t l\u01b0\u1ee3ng &#8211; Ph\u00e1t tri\u1ec3n &#8211; L\u1ee3i \u00edch c\u1ed9ng \u0111\u1ed3ng<\/p>\n<p>Tr\u00ean ch\u1eb7ng \u0111\u01b0\u1eddng ph\u00e1t tri\u1ec3n ti\u1ebfp theo, An Ph\u00fa Windown tr\u00e2n tr\u1ecdng l\u1eafng nghe nh\u1eefng \u0111\u00f3ng g\u00f3p \u00fd ki\u1ebfn, \u0111\u1ed9ng vi\u00ean, khen t\u1eb7ng c\u1ee7a Qu\u00fd kh\u00e1ch h\u00e0ng \u0111\u1ec3 ti\u1ebfp th\u00eam \u0111\u1ed9ng l\u1ef1c gi\u00fap c\u00f4ng ty ng\u00e0y c\u00e0ng ph\u00e1t tri\u1ec3n h\u01a1n n\u1eefa v\u1ec1 quy m\u00f4 c\u0169ng nh\u01b0 t\u1ea1o ra s\u1ea3n ph\u1ea9m ch\u1ea5t l\u01b0\u1ee3ng. Tr\u1edf th\u00e0nh b\u1ea1n \u0111\u1ed3ng h\u00e0nh \u0111\u00e1ng tin c\u1eady c\u1ee7a Qu\u00fd kh\u00e1ch h\u00e0ng.<\/p>\n","protected":false},"excerpt":{"rendered":"<p>L\u1eddi \u0111\u1ea7u ti\u00ean,\u00a0An Ph\u00fa Window\u00a0xin g\u1eedi \u0111\u1ebfn Qu\u00fd kh\u00e1ch h\u00e0ng l\u1eddi ch\u00fac s\u1ee9c kho\u1ebb, h\u1ea1nh ph\u00fac v\u00e0 th\u00e0nh \u0111\u1ea1t! V\u1edbi m\u1ee5c ti\u00eau x\u00e2y d\u1ef1ng v\u00e0 ph\u00e1t tri\u1ec3n th\u01b0\u01a1ng hi\u1ec7u uy t\u00edn, ch\u1ea5t l\u01b0\u1ee3ng, An Ph\u00fa Window lu\u00f4n \u0111\u1eb7t l\u1ee3i \u00edch c\u1ee7a Qu\u00fd \u0111\u1ed1i t\u00e1c l\u00ean h\u00e0ng \u0111\u1ea7u v\u00e0 s\u1ef1 y\u00eau m\u1ebfn, h\u1ed7 tr\u1ee3 c\u1ee7a qu\u00fd&#8230;<\/p>\n","protected":false},"author":1,"featured_media":0,"parent":0,"menu_order":0,"comment_status":"closed","ping_status":"closed","template":"","meta":[],"yoast_head":"<!-- This site is optimized with the Yoast SEO plugin v20.10 - https:\/\/yoast.com\/wordpress\/plugins\/seo\/ -->\n<title>An Ph\u00fa<\/title>\n<meta name=\"robots\" content=\"index, follow, max-snippet:-1, max-image-preview:large, max-video-preview:-1\" \/>\n<link rel=\"canonical\" href=\"https:\/\/anphuwindows.vinastar.info\/?page_id=3247\" \/>\n<meta property=\"og:locale\" content=\"vi_VN\" \/>\n<meta property=\"og:type\" content=\"article\" \/>\n<meta property=\"og:title\" content=\"An Ph\u00fa\" \/>\n<meta property=\"og:description\" content=\"L\u1eddi \u0111\u1ea7u ti\u00ean,\u00a0An Ph\u00fa Window\u00a0xin g\u1eedi \u0111\u1ebfn Qu\u00fd kh\u00e1ch h\u00e0ng l\u1eddi ch\u00fac s\u1ee9c kho\u1ebb, h\u1ea1nh ph\u00fac v\u00e0 th\u00e0nh \u0111\u1ea1t! V\u1edbi m\u1ee5c ti\u00eau x\u00e2y d\u1ef1ng v\u00e0 ph\u00e1t tri\u1ec3n th\u01b0\u01a1ng hi\u1ec7u uy t\u00edn, ch\u1ea5t l\u01b0\u1ee3ng, An Ph\u00fa Window lu\u00f4n \u0111\u1eb7t l\u1ee3i \u00edch c\u1ee7a Qu\u00fd \u0111\u1ed1i t\u00e1c l\u00ean h\u00e0ng \u0111\u1ea7u v\u00e0 s\u1ef1 y\u00eau m\u1ebfn, h\u1ed7 tr\u1ee3 c\u1ee7a qu\u00fd...\" \/>\n<meta property=\"og:url\" content=\"https:\/\/anphuwindows.vinastar.info\/?page_id=3247\" \/>\n<meta property=\"og:site_name\" content=\"An Ph\u00fa\" \/>\n<meta property=\"article:modified_time\" content=\"2023-09-12T07:01:37+00:00\" \/>\n<meta property=\"og:image\" content=\"http:\/\/anphuwindow.com\/wp-content\/uploads\/2023\/08\/ai-generated-modern-styled-entryway-800x320.jpg\" \/>\n<meta name=\"twitter:card\" content=\"summary_large_image\" \/>\n<meta name=\"twitter:label1\" content=\"\u01af\u1edbc t\u00ednh th\u1eddi gian \u0111\u1ecdc\" \/>\n\t<meta name=\"twitter:data1\" content=\"3 ph\u00fat\" \/>\n<script type=\"application\/ld+json\" class=\"yoast-schema-graph\">{\"@context\":\"https:\/\/schema.org\",\"@graph\":[{\"@type\":\"WebPage\",\"@id\":\"https:\/\/anphuwindows.vinastar.info\/?page_id=3247\",\"url\":\"https:\/\/anphuwindows.vinastar.info\/?page_id=3247\",\"name\":\"An Ph\u00fa\",\"isPartOf\":{\"@id\":\"https:\/\/anphuwindows.vinastar.info\/#website\"},\"datePublished\":\"2023-07-10T13:24:49+00:00\",\"dateModified\":\"2023-09-12T07:01:37+00:00\",\"breadcrumb\":{\"@id\":\"https:\/\/anphuwindows.vinastar.info\/?page_id=3247#breadcrumb\"},\"inLanguage\":\"vi\",\"potentialAction\":[{\"@type\":\"ReadAction\",\"target\":[\"https:\/\/anphuwindows.vinastar.info\/?page_id=3247\"]}]},{\"@type\":\"BreadcrumbList\",\"@id\":\"https:\/\/anphuwindows.vinastar.info\/?page_id=3247#breadcrumb\",\"itemListElement\":[{\"@type\":\"ListItem\",\"position\":1,\"name\":\"Trang ch\u1ee7\",\"item\":\"https:\/\/anphuwindows.vinastar.info\/\"},{\"@type\":\"ListItem\",\"position\":2,\"name\":\"Gi\u1edbi thi\u1ec7u\"}]},{\"@type\":\"WebSite\",\"@id\":\"https:\/\/anphuwindows.vinastar.info\/#website\",\"url\":\"https:\/\/anphuwindows.vinastar.info\/\",\"name\":\"An Ph\u00fa\",\"description\":\"\",\"potentialAction\":[{\"@type\":\"SearchAction\",\"target\":{\"@type\":\"EntryPoint\",\"urlTemplate\":\"https:\/\/anphuwindows.vinastar.info\/?s={search_term_string}\"},\"query-input\":\"required name=search_term_string\"}],\"inLanguage\":\"vi\"}]}<\/script>\n<!-- \/ Yoast SEO plugin. -->","yoast_head_json":{"title":"An Ph\u00fa","robots":{"index":"index","follow":"follow","max-snippet":"max-snippet:-1","max-image-preview":"max-image-preview:large","max-video-preview":"max-video-preview:-1"},"canonical":"https:\/\/anphuwindows.vinastar.info\/?page_id=3247","og_locale":"vi_VN","og_type":"article","og_title":"An Ph\u00fa","og_description":"L\u1eddi \u0111\u1ea7u ti\u00ean,\u00a0An Ph\u00fa Window\u00a0xin g\u1eedi \u0111\u1ebfn Qu\u00fd kh\u00e1ch h\u00e0ng l\u1eddi ch\u00fac s\u1ee9c kho\u1ebb, h\u1ea1nh ph\u00fac v\u00e0 th\u00e0nh \u0111\u1ea1t! V\u1edbi m\u1ee5c ti\u00eau x\u00e2y d\u1ef1ng v\u00e0 ph\u00e1t tri\u1ec3n th\u01b0\u01a1ng hi\u1ec7u uy t\u00edn, ch\u1ea5t l\u01b0\u1ee3ng, An Ph\u00fa Window lu\u00f4n \u0111\u1eb7t l\u1ee3i \u00edch c\u1ee7a Qu\u00fd \u0111\u1ed1i t\u00e1c l\u00ean h\u00e0ng \u0111\u1ea7u v\u00e0 s\u1ef1 y\u00eau m\u1ebfn, h\u1ed7 tr\u1ee3 c\u1ee7a qu\u00fd...","og_url":"https:\/\/anphuwindows.vinastar.info\/?page_id=3247","og_site_name":"An Ph\u00fa","article_modified_time":"2023-09-12T07:01:37+00:00","og_image":[{"url":"http:\/\/anphuwindow.com\/wp-content\/uploads\/2023\/08\/ai-generated-modern-styled-entryway-800x320.jpg"}],"twitter_card":"summary_large_image","twitter_misc":{"\u01af\u1edbc t\u00ednh th\u1eddi gian \u0111\u1ecdc":"3 ph\u00fat"},"schema":{"@context":"https:\/\/schema.org","@graph":[{"@type":"WebPage","@id":"https:\/\/anphuwindows.vinastar.info\/?page_id=3247","url":"https:\/\/anphuwindows.vinastar.info\/?page_id=3247","name":"An Ph\u00fa","isPartOf":{"@id":"https:\/\/anphuwindows.vinastar.info\/#website"},"datePublished":"2023-07-10T13:24:49+00:00","dateModified":"2023-09-12T07:01:37+00:00","breadcrumb":{"@id":"https:\/\/anphuwindows.vinastar.info\/?page_id=3247#breadcrumb"},"inLanguage":"vi","potentialAction":[{"@type":"ReadAction","target":["https:\/\/anphuwindows.vinastar.info\/?page_id=3247"]}]},{"@type":"BreadcrumbList","@id":"https:\/\/anphuwindows.vinastar.info\/?page_id=3247#breadcrumb","itemListElement":[{"@type":"ListItem","position":1,"name":"Trang ch\u1ee7","item":"https:\/\/anphuwindows.vinastar.info\/"},{"@type":"ListItem","position":2,"name":"Gi\u1edbi thi\u1ec7u"}]},{"@type":"WebSite","@id":"https:\/\/anphuwindows.vinastar.info\/#website","url":"https:\/\/anphuwindows.vinastar.info\/","name":"An Ph\u00fa","description":"","potentialAction":[{"@type":"SearchAction","target":{"@type":"EntryPoint","urlTemplate":"https:\/\/anphuwindows.vinastar.info\/?s={search_term_string}"},"query-input":"required name=search_term_string"}],"inLanguage":"vi"}]}},"_links":{"self":[{"href":"https:\/\/anphuwindows.vinastar.info\/index.php?rest_route=\/wp\/v2\/pages\/3247"}],"collection":[{"href":"https:\/\/anphuwindows.vinastar.info\/index.php?rest_route=\/wp\/v2\/pages"}],"about":[{"href":"https:\/\/anphuwindows.vinastar.info\/index.php?rest_route=\/wp\/v2\/types\/page"}],"author":[{"embeddable":true,"href":"https:\/\/anphuwindows.vinastar.info\/index.php?rest_route=\/wp\/v2\/users\/1"}],"replies":[{"embeddable":true,"href":"https:\/\/anphuwindows.vinastar.info\/index.php?rest_route=%2Fwp%2Fv2%2Fcomments&post=3247"}],"version-history":[{"count":38,"href":"https:\/\/anphuwindows.vinastar.info\/index.php?rest_route=\/wp\/v2\/pages\/3247\/revisions"}],"predecessor-version":[{"id":3847,"href":"https:\/\/anphuwindows.vinastar.info\/index.php?rest_route=\/wp\/v2\/pages\/3247\/revisions\/3847"}],"wp:attachment":[{"href":"https:\/\/anphuwindows.vinastar.info\/index.php?rest_route=%2Fwp%2Fv2%2Fmedia&parent=3247"}],"curies":[{"name":"wp","href":"https:\/\/api.w.org\/{rel}","templated":true}]}}